{"id":743,"date":"2022-08-02T17:15:05","date_gmt":"2022-08-02T17:15:05","guid":{"rendered":"http:\/\/plovdivbg.es\/?post_type=product&#038;p=743"},"modified":"2025-08-27T13:12:34","modified_gmt":"2025-08-27T13:12:34","slug":"salchicho-devacuno-%d0%bb%d1%83%d0%ba%d0%b0%d0%bd%d0%ba%d0%b0-%d1%81-%d1%82%d0%b5%d0%bb%d0%b5%d1%88%d0%ba%d0%be-%d0%bc%d0%b5%d1%81%d0%be","status":"publish","type":"product","link":"https:\/\/plovdivbg.es\/bg\/product\/salchicho-devacuno-%d0%bb%d1%83%d0%ba%d0%b0%d0%bd%d0%ba%d0%b0-%d1%81-%d1%82%d0%b5%d0%bb%d0%b5%d1%88%d0%ba%d0%be-%d0%bc%d0%b5%d1%81%d0%be\/","title":{"rendered":"SALCHICH\u00d3N DE VACUNO Y CERDO \/ \u041b\u0423\u041a\u0410\u041d\u041a\u0410 \u0441 \u0422\u0415\u041b\u0415\u0428\u041a\u041e \u041c\u0415\u0421\u041e"},"content":{"rendered":"<p>&nbsp;<\/p>\n<p><img fetchpriority=\"high\" decoding=\"async\" class=\"wp-image-1795 aligncenter\" src=\"https:\/\/plovdivbg.es\/wp-content\/uploads\/2022\/10\/WhatsApp-Image-2022-10-13-at-16.29.05-3.jpeg\" alt=\"\" width=\"973\" height=\"214\" \/><\/p>","protected":false},"excerpt":{"rendered":"<p>Ahora mismo nos encontramos sin existen v\u00eda web. Este producto se puede encontrar f\u00edsicamente en &#8220;La Roseta Gastrobar&#8221;, m\u00e1s informaci\u00f3n en la web <a href=\"https:\/\/rosetagastrobar.com\/\">https:\/\/rosetagastrobar.com\/<\/a><\/p>","protected":false},"featured_media":2234,"comment_status":"open","ping_status":"closed","template":"","meta":{"_joinchat":[]},"product_brand":[],"product_cat":[15],"product_tag":[],"class_list":{"0":"post-743","1":"product","2":"type-product","3":"status-publish","4":"has-post-thumbnail","6":"product_cat-uncategorized","8":"first","9":"outofstock","10":"taxable","11":"shipping-taxable","12":"purchasable","13":"product-type-variable"},"yoast_head":"<!-- This site is optimized with the Yoast SEO plugin v25.7 - https:\/\/yoast.com\/wordpress\/plugins\/seo\/ -->\n<title>SALCHICH\u00d3N DE VACUNO Y CERDO \/ \u041b\u0423\u041a\u0410\u041d\u041a\u0410 \u0441 \u0422\u0415\u041b\u0415\u0428\u041a\u041e \u041c\u0415\u0421\u041e - PlovdivBG<\/title>\n<meta name=\"robots\" content=\"index, follow, max-snippet:-1, max-image-preview:large, max-video-preview:-1\" \/>\n<link rel=\"canonical\" href=\"https:\/\/plovdivbg.es\/bg\/product\/salchicho-devacuno-\u043b\u0443\u043a\u0430\u043d\u043a\u0430-\u0441-\u0442\u0435\u043b\u0435\u0448\u043a\u043e-\u043c\u0435\u0441\u043e\/\" \/>\n<meta property=\"og:locale\" content=\"bg_BG\" \/>\n<meta property=\"og:type\" content=\"article\" \/>\n<meta property=\"og:title\" content=\"SALCHICH\u00d3N DE VACUNO Y CERDO \/ \u041b\u0423\u041a\u0410\u041d\u041a\u0410 \u0441 \u0422\u0415\u041b\u0415\u0428\u041a\u041e \u041c\u0415\u0421\u041e - PlovdivBG\" \/>\n<meta property=\"og:description\" content=\"Ahora mismo nos encontramos sin existen v\u00eda web. Este producto se puede encontrar f\u00edsicamente en &quot;La Roseta Gastrobar&quot;, m\u00e1s informaci\u00f3n en la web https:\/\/rosetagastrobar.com\/\" \/>\n<meta property=\"og:url\" content=\"https:\/\/plovdivbg.es\/bg\/product\/salchicho-devacuno-\u043b\u0443\u043a\u0430\u043d\u043a\u0430-\u0441-\u0442\u0435\u043b\u0435\u0448\u043a\u043e-\u043c\u0435\u0441\u043e\/\" \/>\n<meta property=\"og:site_name\" content=\"PlovdivBG\" \/>\n<meta property=\"article:publisher\" content=\"https:\/\/www.facebook.com\/profile.php?id=100085857676673\" \/>\n<meta property=\"article:modified_time\" content=\"2025-08-27T13:12:34+00:00\" \/>\n<meta property=\"og:image\" content=\"https:\/\/plovdivbg.es\/wp-content\/uploads\/2022\/08\/Nikolai-Productos-Alta-cuadradas-021-1-scaled.jpg\" \/>\n\t<meta property=\"og:image:width\" content=\"2560\" \/>\n\t<meta property=\"og:image:height\" content=\"2560\" \/>\n\t<meta property=\"og:image:type\" content=\"image\/jpeg\" \/>\n<meta name=\"twitter:card\" content=\"summary_large_image\" \/>\n<meta name=\"twitter:label1\" content=\"Est. reading time\" \/>\n\t<meta name=\"twitter:data1\" content=\"1 \u043c\u0438\u043d\u0443\u0442\u0430\" \/>\n<script type=\"application\/ld+json\" class=\"yoast-schema-graph\">{\"@context\":\"https:\/\/schema.org\",\"@graph\":[{\"@type\":\"WebPage\",\"@id\":\"https:\/\/plovdivbg.es\/product\/salchicho-devacuno-%d0%bb%d1%83%d0%ba%d0%b0%d0%bd%d0%ba%d0%b0-%d1%81-%d1%82%d0%b5%d0%bb%d0%b5%d1%88%d0%ba%d0%be-%d0%bc%d0%b5%d1%81%d0%be\/\",\"url\":\"https:\/\/plovdivbg.es\/product\/salchicho-devacuno-%d0%bb%d1%83%d0%ba%d0%b0%d0%bd%d0%ba%d0%b0-%d1%81-%d1%82%d0%b5%d0%bb%d0%b5%d1%88%d0%ba%d0%be-%d0%bc%d0%b5%d1%81%d0%be\/\",\"name\":\"SALCHICH\u00d3N DE VACUNO Y CERDO \/ \u041b\u0423\u041a\u0410\u041d\u041a\u0410 \u0441 \u0422\u0415\u041b\u0415\u0428\u041a\u041e \u041c\u0415\u0421\u041e - PlovdivBG\",\"isPartOf\":{\"@id\":\"https:\/\/plovdivbg.es\/#website\"},\"primaryImageOfPage\":{\"@id\":\"https:\/\/plovdivbg.es\/product\/salchicho-devacuno-%d0%bb%d1%83%d0%ba%d0%b0%d0%bd%d0%ba%d0%b0-%d1%81-%d1%82%d0%b5%d0%bb%d0%b5%d1%88%d0%ba%d0%be-%d0%bc%d0%b5%d1%81%d0%be\/#primaryimage\"},\"image\":{\"@id\":\"https:\/\/plovdivbg.es\/product\/salchicho-devacuno-%d0%bb%d1%83%d0%ba%d0%b0%d0%bd%d0%ba%d0%b0-%d1%81-%d1%82%d0%b5%d0%bb%d0%b5%d1%88%d0%ba%d0%be-%d0%bc%d0%b5%d1%81%d0%be\/#primaryimage\"},\"thumbnailUrl\":\"https:\/\/plovdivbg.es\/wp-content\/uploads\/2022\/08\/Nikolai-Productos-Alta-cuadradas-021-1-scaled.jpg\",\"datePublished\":\"2022-08-02T17:15:05+00:00\",\"dateModified\":\"2025-08-27T13:12:34+00:00\",\"breadcrumb\":{\"@id\":\"https:\/\/plovdivbg.es\/product\/salchicho-devacuno-%d0%bb%d1%83%d0%ba%d0%b0%d0%bd%d0%ba%d0%b0-%d1%81-%d1%82%d0%b5%d0%bb%d0%b5%d1%88%d0%ba%d0%be-%d0%bc%d0%b5%d1%81%d0%be\/#breadcrumb\"},\"inLanguage\":\"bg-BG\",\"potentialAction\":[{\"@type\":\"ReadAction\",\"target\":[\"https:\/\/plovdivbg.es\/product\/salchicho-devacuno-%d0%bb%d1%83%d0%ba%d0%b0%d0%bd%d0%ba%d0%b0-%d1%81-%d1%82%d0%b5%d0%bb%d0%b5%d1%88%d0%ba%d0%be-%d0%bc%d0%b5%d1%81%d0%be\/\"]}]},{\"@type\":\"ImageObject\",\"inLanguage\":\"bg-BG\",\"@id\":\"https:\/\/plovdivbg.es\/product\/salchicho-devacuno-%d0%bb%d1%83%d0%ba%d0%b0%d0%bd%d0%ba%d0%b0-%d1%81-%d1%82%d0%b5%d0%bb%d0%b5%d1%88%d0%ba%d0%be-%d0%bc%d0%b5%d1%81%d0%be\/#primaryimage\",\"url\":\"https:\/\/plovdivbg.es\/wp-content\/uploads\/2022\/08\/Nikolai-Productos-Alta-cuadradas-021-1-scaled.jpg\",\"contentUrl\":\"https:\/\/plovdivbg.es\/wp-content\/uploads\/2022\/08\/Nikolai-Productos-Alta-cuadradas-021-1-scaled.jpg\",\"width\":2560,\"height\":2560},{\"@type\":\"BreadcrumbList\",\"@id\":\"https:\/\/plovdivbg.es\/product\/salchicho-devacuno-%d0%bb%d1%83%d0%ba%d0%b0%d0%bd%d0%ba%d0%b0-%d1%81-%d1%82%d0%b5%d0%bb%d0%b5%d1%88%d0%ba%d0%be-%d0%bc%d0%b5%d1%81%d0%be\/#breadcrumb\",\"itemListElement\":[{\"@type\":\"ListItem\",\"position\":1,\"name\":\"Home\",\"item\":\"https:\/\/plovdivbg.es\/\"},{\"@type\":\"ListItem\",\"position\":2,\"name\":\"Tienda\",\"item\":\"https:\/\/plovdivbg.es\/shop\/\"},{\"@type\":\"ListItem\",\"position\":3,\"name\":\"SALCHICH\u00d3N DE VACUNO Y CERDO \/ \u041b\u0423\u041a\u0410\u041d\u041a\u0410 \u0441 \u0422\u0415\u041b\u0415\u0428\u041a\u041e \u041c\u0415\u0421\u041e\"}]},{\"@type\":\"WebSite\",\"@id\":\"https:\/\/plovdivbg.es\/#website\",\"url\":\"https:\/\/plovdivbg.es\/\",\"name\":\"PlovdivBG\",\"description\":\"\",\"publisher\":{\"@id\":\"https:\/\/plovdivbg.es\/#organization\"},\"potentialAction\":[{\"@type\":\"SearchAction\",\"target\":{\"@type\":\"EntryPoint\",\"urlTemplate\":\"https:\/\/plovdivbg.es\/?s={search_term_string}\"},\"query-input\":{\"@type\":\"PropertyValueSpecification\",\"valueRequired\":true,\"valueName\":\"search_term_string\"}}],\"inLanguage\":\"bg-BG\"},{\"@type\":\"Organization\",\"@id\":\"https:\/\/plovdivbg.es\/#organization\",\"name\":\"PlovdivBG\",\"url\":\"https:\/\/plovdivbg.es\/\",\"logo\":{\"@type\":\"ImageObject\",\"inLanguage\":\"bg-BG\",\"@id\":\"https:\/\/plovdivbg.es\/#\/schema\/logo\/image\/\",\"url\":\"https:\/\/plovdivbg.es\/wp-content\/uploads\/2022\/10\/logoParaEmail.jpg\",\"contentUrl\":\"https:\/\/plovdivbg.es\/wp-content\/uploads\/2022\/10\/logoParaEmail.jpg\",\"width\":595,\"height\":332,\"caption\":\"PlovdivBG\"},\"image\":{\"@id\":\"https:\/\/plovdivbg.es\/#\/schema\/logo\/image\/\"},\"sameAs\":[\"https:\/\/www.facebook.com\/profile.php?id=100085857676673\"]}]}<\/script>\n<!-- \/ Yoast SEO plugin. -->","yoast_head_json":{"title":"SALCHICH\u00d3N DE VACUNO Y CERDO \/ \u041b\u0423\u041a\u0410\u041d\u041a\u0410 \u0441 \u0422\u0415\u041b\u0415\u0428\u041a\u041e \u041c\u0415\u0421\u041e - PlovdivBG","robots":{"index":"index","follow":"follow","max-snippet":"max-snippet:-1","max-image-preview":"max-image-preview:large","max-video-preview":"max-video-preview:-1"},"canonical":"https:\/\/plovdivbg.es\/bg\/product\/salchicho-devacuno-\u043b\u0443\u043a\u0430\u043d\u043a\u0430-\u0441-\u0442\u0435\u043b\u0435\u0448\u043a\u043e-\u043c\u0435\u0441\u043e\/","og_locale":"bg_BG","og_type":"article","og_title":"SALCHICH\u00d3N DE VACUNO Y CERDO \/ \u041b\u0423\u041a\u0410\u041d\u041a\u0410 \u0441 \u0422\u0415\u041b\u0415\u0428\u041a\u041e \u041c\u0415\u0421\u041e - PlovdivBG","og_description":"Ahora mismo nos encontramos sin existen v\u00eda web. Este producto se puede encontrar f\u00edsicamente en \"La Roseta Gastrobar\", m\u00e1s informaci\u00f3n en la web https:\/\/rosetagastrobar.com\/","og_url":"https:\/\/plovdivbg.es\/bg\/product\/salchicho-devacuno-\u043b\u0443\u043a\u0430\u043d\u043a\u0430-\u0441-\u0442\u0435\u043b\u0435\u0448\u043a\u043e-\u043c\u0435\u0441\u043e\/","og_site_name":"PlovdivBG","article_publisher":"https:\/\/www.facebook.com\/profile.php?id=100085857676673","article_modified_time":"2025-08-27T13:12:34+00:00","og_image":[{"width":2560,"height":2560,"url":"https:\/\/plovdivbg.es\/wp-content\/uploads\/2022\/08\/Nikolai-Productos-Alta-cuadradas-021-1-scaled.jpg","type":"image\/jpeg"}],"twitter_card":"summary_large_image","twitter_misc":{"Est. reading time":"1 \u043c\u0438\u043d\u0443\u0442\u0430"},"schema":{"@context":"https:\/\/schema.org","@graph":[{"@type":"WebPage","@id":"https:\/\/plovdivbg.es\/product\/salchicho-devacuno-%d0%bb%d1%83%d0%ba%d0%b0%d0%bd%d0%ba%d0%b0-%d1%81-%d1%82%d0%b5%d0%bb%d0%b5%d1%88%d0%ba%d0%be-%d0%bc%d0%b5%d1%81%d0%be\/","url":"https:\/\/plovdivbg.es\/product\/salchicho-devacuno-%d0%bb%d1%83%d0%ba%d0%b0%d0%bd%d0%ba%d0%b0-%d1%81-%d1%82%d0%b5%d0%bb%d0%b5%d1%88%d0%ba%d0%be-%d0%bc%d0%b5%d1%81%d0%be\/","name":"SALCHICH\u00d3N DE VACUNO Y CERDO \/ \u041b\u0423\u041a\u0410\u041d\u041a\u0410 \u0441 \u0422\u0415\u041b\u0415\u0428\u041a\u041e \u041c\u0415\u0421\u041e - PlovdivBG","isPartOf":{"@id":"https:\/\/plovdivbg.es\/#website"},"primaryImageOfPage":{"@id":"https:\/\/plovdivbg.es\/product\/salchicho-devacuno-%d0%bb%d1%83%d0%ba%d0%b0%d0%bd%d0%ba%d0%b0-%d1%81-%d1%82%d0%b5%d0%bb%d0%b5%d1%88%d0%ba%d0%be-%d0%bc%d0%b5%d1%81%d0%be\/#primaryimage"},"image":{"@id":"https:\/\/plovdivbg.es\/product\/salchicho-devacuno-%d0%bb%d1%83%d0%ba%d0%b0%d0%bd%d0%ba%d0%b0-%d1%81-%d1%82%d0%b5%d0%bb%d0%b5%d1%88%d0%ba%d0%be-%d0%bc%d0%b5%d1%81%d0%be\/#primaryimage"},"thumbnailUrl":"https:\/\/plovdivbg.es\/wp-content\/uploads\/2022\/08\/Nikolai-Productos-Alta-cuadradas-021-1-scaled.jpg","datePublished":"2022-08-02T17:15:05+00:00","dateModified":"2025-08-27T13:12:34+00:00","breadcrumb":{"@id":"https:\/\/plovdivbg.es\/product\/salchicho-devacuno-%d0%bb%d1%83%d0%ba%d0%b0%d0%bd%d0%ba%d0%b0-%d1%81-%d1%82%d0%b5%d0%bb%d0%b5%d1%88%d0%ba%d0%be-%d0%bc%d0%b5%d1%81%d0%be\/#breadcrumb"},"inLanguage":"bg-BG","potentialAction":[{"@type":"ReadAction","target":["https:\/\/plovdivbg.es\/product\/salchicho-devacuno-%d0%bb%d1%83%d0%ba%d0%b0%d0%bd%d0%ba%d0%b0-%d1%81-%d1%82%d0%b5%d0%bb%d0%b5%d1%88%d0%ba%d0%be-%d0%bc%d0%b5%d1%81%d0%be\/"]}]},{"@type":"ImageObject","inLanguage":"bg-BG","@id":"https:\/\/plovdivbg.es\/product\/salchicho-devacuno-%d0%bb%d1%83%d0%ba%d0%b0%d0%bd%d0%ba%d0%b0-%d1%81-%d1%82%d0%b5%d0%bb%d0%b5%d1%88%d0%ba%d0%be-%d0%bc%d0%b5%d1%81%d0%be\/#primaryimage","url":"https:\/\/plovdivbg.es\/wp-content\/uploads\/2022\/08\/Nikolai-Productos-Alta-cuadradas-021-1-scaled.jpg","contentUrl":"https:\/\/plovdivbg.es\/wp-content\/uploads\/2022\/08\/Nikolai-Productos-Alta-cuadradas-021-1-scaled.jpg","width":2560,"height":2560},{"@type":"BreadcrumbList","@id":"https:\/\/plovdivbg.es\/product\/salchicho-devacuno-%d0%bb%d1%83%d0%ba%d0%b0%d0%bd%d0%ba%d0%b0-%d1%81-%d1%82%d0%b5%d0%bb%d0%b5%d1%88%d0%ba%d0%be-%d0%bc%d0%b5%d1%81%d0%be\/#breadcrumb","itemListElement":[{"@type":"ListItem","position":1,"name":"Home","item":"https:\/\/plovdivbg.es\/"},{"@type":"ListItem","position":2,"name":"Tienda","item":"https:\/\/plovdivbg.es\/shop\/"},{"@type":"ListItem","position":3,"name":"SALCHICH\u00d3N DE VACUNO Y CERDO \/ \u041b\u0423\u041a\u0410\u041d\u041a\u0410 \u0441 \u0422\u0415\u041b\u0415\u0428\u041a\u041e \u041c\u0415\u0421\u041e"}]},{"@type":"WebSite","@id":"https:\/\/plovdivbg.es\/#website","url":"https:\/\/plovdivbg.es\/","name":"PlovdivBG","description":"","publisher":{"@id":"https:\/\/plovdivbg.es\/#organization"},"potentialAction":[{"@type":"SearchAction","target":{"@type":"EntryPoint","urlTemplate":"https:\/\/plovdivbg.es\/?s={search_term_string}"},"query-input":{"@type":"PropertyValueSpecification","valueRequired":true,"valueName":"search_term_string"}}],"inLanguage":"bg-BG"},{"@type":"Organization","@id":"https:\/\/plovdivbg.es\/#organization","name":"PlovdivBG","url":"https:\/\/plovdivbg.es\/","logo":{"@type":"ImageObject","inLanguage":"bg-BG","@id":"https:\/\/plovdivbg.es\/#\/schema\/logo\/image\/","url":"https:\/\/plovdivbg.es\/wp-content\/uploads\/2022\/10\/logoParaEmail.jpg","contentUrl":"https:\/\/plovdivbg.es\/wp-content\/uploads\/2022\/10\/logoParaEmail.jpg","width":595,"height":332,"caption":"PlovdivBG"},"image":{"@id":"https:\/\/plovdivbg.es\/#\/schema\/logo\/image\/"},"sameAs":["https:\/\/www.facebook.com\/profile.php?id=100085857676673"]}]}},"_links":{"self":[{"href":"https:\/\/plovdivbg.es\/bg\/wp-json\/wp\/v2\/product\/743","targetHints":{"allow":["GET"]}}],"collection":[{"href":"https:\/\/plovdivbg.es\/bg\/wp-json\/wp\/v2\/product"}],"about":[{"href":"https:\/\/plovdivbg.es\/bg\/wp-json\/wp\/v2\/types\/product"}],"replies":[{"embeddable":true,"href":"https:\/\/plovdivbg.es\/bg\/wp-json\/wp\/v2\/comments?post=743"}],"wp:featuredmedia":[{"embeddable":true,"href":"https:\/\/plovdivbg.es\/bg\/wp-json\/wp\/v2\/media\/2234"}],"wp:attachment":[{"href":"https:\/\/plovdivbg.es\/bg\/wp-json\/wp\/v2\/media?parent=743"}],"wp:term":[{"taxonomy":"product_brand","embeddable":true,"href":"https:\/\/plovdivbg.es\/bg\/wp-json\/wp\/v2\/product_brand?post=743"},{"taxonomy":"product_cat","embeddable":true,"href":"https:\/\/plovdivbg.es\/bg\/wp-json\/wp\/v2\/product_cat?post=743"},{"taxonomy":"product_tag","embeddable":true,"href":"https:\/\/plovdivbg.es\/bg\/wp-json\/wp\/v2\/product_tag?post=743"}],"curies":[{"name":"wp","href":"https:\/\/api.w.org\/{rel}","templated":true}]}}