{"id":741,"date":"2022-08-02T17:14:24","date_gmt":"2022-08-02T17:14:24","guid":{"rendered":"http:\/\/plovdivbg.es\/?post_type=product&#038;p=741"},"modified":"2026-04-27T21:27:25","modified_gmt":"2026-04-27T21:27:25","slug":"cecina-de-vaca-%d1%82%d0%b5%d0%bb%d0%b5%d1%88%d0%ba%d0%b0-%d0%bf%d0%b0%d1%81%d1%82%d1%8a%d1%80%d0%bc%d0%b0","status":"publish","type":"product","link":"https:\/\/plovdivbg.es\/bg\/product\/cecina-de-vaca-%d1%82%d0%b5%d0%bb%d0%b5%d1%88%d0%ba%d0%b0-%d0%bf%d0%b0%d1%81%d1%82%d1%8a%d1%80%d0%bc%d0%b0\/","title":{"rendered":"Cecina de  Vaca \/ \u0413\u043e\u0432\u0435\u0436\u0434\u0430 \u043f\u0430\u0441\u0442\u044a\u0440\u043c\u0430"},"content":{"rendered":"<p><img fetchpriority=\"high\" decoding=\"async\" class=\"wp-image-1691 aligncenter\" src=\"https:\/\/plovdivbg.es\/wp-content\/uploads\/2022\/10\/WhatsApp-Image-2022-10-13-at-16.29.05.jpeg\" alt=\"\" width=\"882\" height=\"347\" \/><\/p>","protected":false},"excerpt":{"rendered":"<p>Ahora mismo nos encontramos sin existen v\u00eda web. Este producto se puede encontrar f\u00edsicamente en &#8220;La Roseta Gastrobar&#8221;, m\u00e1s informaci\u00f3n en la web <a href=\"https:\/\/rosetagastrobar.com\/\">https:\/\/rosetagastrobar.com\/<\/a><\/p>","protected":false},"featured_media":2101,"comment_status":"open","ping_status":"closed","template":"","meta":{"_joinchat":[]},"product_brand":[],"product_cat":[15],"product_tag":[],"class_list":{"0":"post-741","1":"product","2":"type-product","3":"status-publish","4":"has-post-thumbnail","6":"product_cat-uncategorized","8":"first","9":"outofstock","10":"taxable","11":"shipping-taxable","12":"purchasable","13":"product-type-variable"},"yoast_head":"<!-- This site is optimized with the Yoast SEO plugin v25.7 - https:\/\/yoast.com\/wordpress\/plugins\/seo\/ -->\n<title>Cecina de Vaca \/ \u0413\u043e\u0432\u0435\u0436\u0434\u0430 \u043f\u0430\u0441\u0442\u044a\u0440\u043c\u0430 - PlovdivBG<\/title>\n<meta name=\"robots\" content=\"index, follow, max-snippet:-1, max-image-preview:large, max-video-preview:-1\" \/>\n<link rel=\"canonical\" href=\"https:\/\/plovdivbg.es\/bg\/product\/cecina-de-vaca-\u0442\u0435\u043b\u0435\u0448\u043a\u0430-\u043f\u0430\u0441\u0442\u044a\u0440\u043c\u0430\/\" \/>\n<meta property=\"og:locale\" content=\"bg_BG\" \/>\n<meta property=\"og:type\" content=\"article\" \/>\n<meta property=\"og:title\" content=\"Cecina de Vaca \/ \u0413\u043e\u0432\u0435\u0436\u0434\u0430 \u043f\u0430\u0441\u0442\u044a\u0440\u043c\u0430 - PlovdivBG\" \/>\n<meta property=\"og:description\" content=\"Ahora mismo nos encontramos sin existen v\u00eda web. Este producto se puede encontrar f\u00edsicamente en &quot;La Roseta Gastrobar&quot;, m\u00e1s informaci\u00f3n en la web https:\/\/rosetagastrobar.com\/\" \/>\n<meta property=\"og:url\" content=\"https:\/\/plovdivbg.es\/bg\/product\/cecina-de-vaca-\u0442\u0435\u043b\u0435\u0448\u043a\u0430-\u043f\u0430\u0441\u0442\u044a\u0440\u043c\u0430\/\" \/>\n<meta property=\"og:site_name\" content=\"PlovdivBG\" \/>\n<meta property=\"article:publisher\" content=\"https:\/\/www.facebook.com\/profile.php?id=100085857676673\" \/>\n<meta property=\"article:modified_time\" content=\"2026-04-27T21:27:25+00:00\" \/>\n<meta property=\"og:image\" content=\"https:\/\/plovdivbg.es\/wp-content\/uploads\/2022\/08\/Nikolai-Productos-web-cuadradas-39.jpg\" \/>\n\t<meta property=\"og:image:width\" content=\"1500\" \/>\n\t<meta property=\"og:image:height\" content=\"1500\" \/>\n\t<meta property=\"og:image:type\" content=\"image\/jpeg\" \/>\n<meta name=\"twitter:card\" content=\"summary_large_image\" \/>\n<meta name=\"twitter:label1\" content=\"Est. reading time\" \/>\n\t<meta name=\"twitter:data1\" content=\"1 \u043c\u0438\u043d\u0443\u0442\u0430\" \/>\n<script type=\"application\/ld+json\" class=\"yoast-schema-graph\">{\"@context\":\"https:\/\/schema.org\",\"@graph\":[{\"@type\":\"WebPage\",\"@id\":\"https:\/\/plovdivbg.es\/product\/cecina-de-vaca-%d1%82%d0%b5%d0%bb%d0%b5%d1%88%d0%ba%d0%b0-%d0%bf%d0%b0%d1%81%d1%82%d1%8a%d1%80%d0%bc%d0%b0\/\",\"url\":\"https:\/\/plovdivbg.es\/product\/cecina-de-vaca-%d1%82%d0%b5%d0%bb%d0%b5%d1%88%d0%ba%d0%b0-%d0%bf%d0%b0%d1%81%d1%82%d1%8a%d1%80%d0%bc%d0%b0\/\",\"name\":\"Cecina de Vaca \/ \u0413\u043e\u0432\u0435\u0436\u0434\u0430 \u043f\u0430\u0441\u0442\u044a\u0440\u043c\u0430 - PlovdivBG\",\"isPartOf\":{\"@id\":\"https:\/\/plovdivbg.es\/#website\"},\"primaryImageOfPage\":{\"@id\":\"https:\/\/plovdivbg.es\/product\/cecina-de-vaca-%d1%82%d0%b5%d0%bb%d0%b5%d1%88%d0%ba%d0%b0-%d0%bf%d0%b0%d1%81%d1%82%d1%8a%d1%80%d0%bc%d0%b0\/#primaryimage\"},\"image\":{\"@id\":\"https:\/\/plovdivbg.es\/product\/cecina-de-vaca-%d1%82%d0%b5%d0%bb%d0%b5%d1%88%d0%ba%d0%b0-%d0%bf%d0%b0%d1%81%d1%82%d1%8a%d1%80%d0%bc%d0%b0\/#primaryimage\"},\"thumbnailUrl\":\"https:\/\/plovdivbg.es\/wp-content\/uploads\/2022\/08\/Nikolai-Productos-web-cuadradas-39.jpg\",\"datePublished\":\"2022-08-02T17:14:24+00:00\",\"dateModified\":\"2026-04-27T21:27:25+00:00\",\"breadcrumb\":{\"@id\":\"https:\/\/plovdivbg.es\/product\/cecina-de-vaca-%d1%82%d0%b5%d0%bb%d0%b5%d1%88%d0%ba%d0%b0-%d0%bf%d0%b0%d1%81%d1%82%d1%8a%d1%80%d0%bc%d0%b0\/#breadcrumb\"},\"inLanguage\":\"bg-BG\",\"potentialAction\":[{\"@type\":\"ReadAction\",\"target\":[\"https:\/\/plovdivbg.es\/product\/cecina-de-vaca-%d1%82%d0%b5%d0%bb%d0%b5%d1%88%d0%ba%d0%b0-%d0%bf%d0%b0%d1%81%d1%82%d1%8a%d1%80%d0%bc%d0%b0\/\"]}]},{\"@type\":\"ImageObject\",\"inLanguage\":\"bg-BG\",\"@id\":\"https:\/\/plovdivbg.es\/product\/cecina-de-vaca-%d1%82%d0%b5%d0%bb%d0%b5%d1%88%d0%ba%d0%b0-%d0%bf%d0%b0%d1%81%d1%82%d1%8a%d1%80%d0%bc%d0%b0\/#primaryimage\",\"url\":\"https:\/\/plovdivbg.es\/wp-content\/uploads\/2022\/08\/Nikolai-Productos-web-cuadradas-39.jpg\",\"contentUrl\":\"https:\/\/plovdivbg.es\/wp-content\/uploads\/2022\/08\/Nikolai-Productos-web-cuadradas-39.jpg\",\"width\":1500,\"height\":1500},{\"@type\":\"BreadcrumbList\",\"@id\":\"https:\/\/plovdivbg.es\/product\/cecina-de-vaca-%d1%82%d0%b5%d0%bb%d0%b5%d1%88%d0%ba%d0%b0-%d0%bf%d0%b0%d1%81%d1%82%d1%8a%d1%80%d0%bc%d0%b0\/#breadcrumb\",\"itemListElement\":[{\"@type\":\"ListItem\",\"position\":1,\"name\":\"Home\",\"item\":\"https:\/\/plovdivbg.es\/\"},{\"@type\":\"ListItem\",\"position\":2,\"name\":\"Tienda\",\"item\":\"https:\/\/plovdivbg.es\/shop\/\"},{\"@type\":\"ListItem\",\"position\":3,\"name\":\"Cecina de Vaca \/ \u0413\u043e\u0432\u0435\u0436\u0434\u0430 \u043f\u0430\u0441\u0442\u044a\u0440\u043c\u0430\"}]},{\"@type\":\"WebSite\",\"@id\":\"https:\/\/plovdivbg.es\/#website\",\"url\":\"https:\/\/plovdivbg.es\/\",\"name\":\"PlovdivBG\",\"description\":\"\",\"publisher\":{\"@id\":\"https:\/\/plovdivbg.es\/#organization\"},\"potentialAction\":[{\"@type\":\"SearchAction\",\"target\":{\"@type\":\"EntryPoint\",\"urlTemplate\":\"https:\/\/plovdivbg.es\/?s={search_term_string}\"},\"query-input\":{\"@type\":\"PropertyValueSpecification\",\"valueRequired\":true,\"valueName\":\"search_term_string\"}}],\"inLanguage\":\"bg-BG\"},{\"@type\":\"Organization\",\"@id\":\"https:\/\/plovdivbg.es\/#organization\",\"name\":\"PlovdivBG\",\"url\":\"https:\/\/plovdivbg.es\/\",\"logo\":{\"@type\":\"ImageObject\",\"inLanguage\":\"bg-BG\",\"@id\":\"https:\/\/plovdivbg.es\/#\/schema\/logo\/image\/\",\"url\":\"https:\/\/plovdivbg.es\/wp-content\/uploads\/2022\/10\/logoParaEmail.jpg\",\"contentUrl\":\"https:\/\/plovdivbg.es\/wp-content\/uploads\/2022\/10\/logoParaEmail.jpg\",\"width\":595,\"height\":332,\"caption\":\"PlovdivBG\"},\"image\":{\"@id\":\"https:\/\/plovdivbg.es\/#\/schema\/logo\/image\/\"},\"sameAs\":[\"https:\/\/www.facebook.com\/profile.php?id=100085857676673\"]}]}<\/script>\n<!-- \/ Yoast SEO plugin. -->","yoast_head_json":{"title":"Cecina de Vaca \/ \u0413\u043e\u0432\u0435\u0436\u0434\u0430 \u043f\u0430\u0441\u0442\u044a\u0440\u043c\u0430 - PlovdivBG","robots":{"index":"index","follow":"follow","max-snippet":"max-snippet:-1","max-image-preview":"max-image-preview:large","max-video-preview":"max-video-preview:-1"},"canonical":"https:\/\/plovdivbg.es\/bg\/product\/cecina-de-vaca-\u0442\u0435\u043b\u0435\u0448\u043a\u0430-\u043f\u0430\u0441\u0442\u044a\u0440\u043c\u0430\/","og_locale":"bg_BG","og_type":"article","og_title":"Cecina de Vaca \/ \u0413\u043e\u0432\u0435\u0436\u0434\u0430 \u043f\u0430\u0441\u0442\u044a\u0440\u043c\u0430 - PlovdivBG","og_description":"Ahora mismo nos encontramos sin existen v\u00eda web. Este producto se puede encontrar f\u00edsicamente en \"La Roseta Gastrobar\", m\u00e1s informaci\u00f3n en la web https:\/\/rosetagastrobar.com\/","og_url":"https:\/\/plovdivbg.es\/bg\/product\/cecina-de-vaca-\u0442\u0435\u043b\u0435\u0448\u043a\u0430-\u043f\u0430\u0441\u0442\u044a\u0440\u043c\u0430\/","og_site_name":"PlovdivBG","article_publisher":"https:\/\/www.facebook.com\/profile.php?id=100085857676673","article_modified_time":"2026-04-27T21:27:25+00:00","og_image":[{"width":1500,"height":1500,"url":"https:\/\/plovdivbg.es\/wp-content\/uploads\/2022\/08\/Nikolai-Productos-web-cuadradas-39.jpg","type":"image\/jpeg"}],"twitter_card":"summary_large_image","twitter_misc":{"Est. reading time":"1 \u043c\u0438\u043d\u0443\u0442\u0430"},"schema":{"@context":"https:\/\/schema.org","@graph":[{"@type":"WebPage","@id":"https:\/\/plovdivbg.es\/product\/cecina-de-vaca-%d1%82%d0%b5%d0%bb%d0%b5%d1%88%d0%ba%d0%b0-%d0%bf%d0%b0%d1%81%d1%82%d1%8a%d1%80%d0%bc%d0%b0\/","url":"https:\/\/plovdivbg.es\/product\/cecina-de-vaca-%d1%82%d0%b5%d0%bb%d0%b5%d1%88%d0%ba%d0%b0-%d0%bf%d0%b0%d1%81%d1%82%d1%8a%d1%80%d0%bc%d0%b0\/","name":"Cecina de Vaca \/ \u0413\u043e\u0432\u0435\u0436\u0434\u0430 \u043f\u0430\u0441\u0442\u044a\u0440\u043c\u0430 - PlovdivBG","isPartOf":{"@id":"https:\/\/plovdivbg.es\/#website"},"primaryImageOfPage":{"@id":"https:\/\/plovdivbg.es\/product\/cecina-de-vaca-%d1%82%d0%b5%d0%bb%d0%b5%d1%88%d0%ba%d0%b0-%d0%bf%d0%b0%d1%81%d1%82%d1%8a%d1%80%d0%bc%d0%b0\/#primaryimage"},"image":{"@id":"https:\/\/plovdivbg.es\/product\/cecina-de-vaca-%d1%82%d0%b5%d0%bb%d0%b5%d1%88%d0%ba%d0%b0-%d0%bf%d0%b0%d1%81%d1%82%d1%8a%d1%80%d0%bc%d0%b0\/#primaryimage"},"thumbnailUrl":"https:\/\/plovdivbg.es\/wp-content\/uploads\/2022\/08\/Nikolai-Productos-web-cuadradas-39.jpg","datePublished":"2022-08-02T17:14:24+00:00","dateModified":"2026-04-27T21:27:25+00:00","breadcrumb":{"@id":"https:\/\/plovdivbg.es\/product\/cecina-de-vaca-%d1%82%d0%b5%d0%bb%d0%b5%d1%88%d0%ba%d0%b0-%d0%bf%d0%b0%d1%81%d1%82%d1%8a%d1%80%d0%bc%d0%b0\/#breadcrumb"},"inLanguage":"bg-BG","potentialAction":[{"@type":"ReadAction","target":["https:\/\/plovdivbg.es\/product\/cecina-de-vaca-%d1%82%d0%b5%d0%bb%d0%b5%d1%88%d0%ba%d0%b0-%d0%bf%d0%b0%d1%81%d1%82%d1%8a%d1%80%d0%bc%d0%b0\/"]}]},{"@type":"ImageObject","inLanguage":"bg-BG","@id":"https:\/\/plovdivbg.es\/product\/cecina-de-vaca-%d1%82%d0%b5%d0%bb%d0%b5%d1%88%d0%ba%d0%b0-%d0%bf%d0%b0%d1%81%d1%82%d1%8a%d1%80%d0%bc%d0%b0\/#primaryimage","url":"https:\/\/plovdivbg.es\/wp-content\/uploads\/2022\/08\/Nikolai-Productos-web-cuadradas-39.jpg","contentUrl":"https:\/\/plovdivbg.es\/wp-content\/uploads\/2022\/08\/Nikolai-Productos-web-cuadradas-39.jpg","width":1500,"height":1500},{"@type":"BreadcrumbList","@id":"https:\/\/plovdivbg.es\/product\/cecina-de-vaca-%d1%82%d0%b5%d0%bb%d0%b5%d1%88%d0%ba%d0%b0-%d0%bf%d0%b0%d1%81%d1%82%d1%8a%d1%80%d0%bc%d0%b0\/#breadcrumb","itemListElement":[{"@type":"ListItem","position":1,"name":"Home","item":"https:\/\/plovdivbg.es\/"},{"@type":"ListItem","position":2,"name":"Tienda","item":"https:\/\/plovdivbg.es\/shop\/"},{"@type":"ListItem","position":3,"name":"Cecina de Vaca \/ \u0413\u043e\u0432\u0435\u0436\u0434\u0430 \u043f\u0430\u0441\u0442\u044a\u0440\u043c\u0430"}]},{"@type":"WebSite","@id":"https:\/\/plovdivbg.es\/#website","url":"https:\/\/plovdivbg.es\/","name":"PlovdivBG","description":"","publisher":{"@id":"https:\/\/plovdivbg.es\/#organization"},"potentialAction":[{"@type":"SearchAction","target":{"@type":"EntryPoint","urlTemplate":"https:\/\/plovdivbg.es\/?s={search_term_string}"},"query-input":{"@type":"PropertyValueSpecification","valueRequired":true,"valueName":"search_term_string"}}],"inLanguage":"bg-BG"},{"@type":"Organization","@id":"https:\/\/plovdivbg.es\/#organization","name":"PlovdivBG","url":"https:\/\/plovdivbg.es\/","logo":{"@type":"ImageObject","inLanguage":"bg-BG","@id":"https:\/\/plovdivbg.es\/#\/schema\/logo\/image\/","url":"https:\/\/plovdivbg.es\/wp-content\/uploads\/2022\/10\/logoParaEmail.jpg","contentUrl":"https:\/\/plovdivbg.es\/wp-content\/uploads\/2022\/10\/logoParaEmail.jpg","width":595,"height":332,"caption":"PlovdivBG"},"image":{"@id":"https:\/\/plovdivbg.es\/#\/schema\/logo\/image\/"},"sameAs":["https:\/\/www.facebook.com\/profile.php?id=100085857676673"]}]}},"_links":{"self":[{"href":"https:\/\/plovdivbg.es\/bg\/wp-json\/wp\/v2\/product\/741","targetHints":{"allow":["GET"]}}],"collection":[{"href":"https:\/\/plovdivbg.es\/bg\/wp-json\/wp\/v2\/product"}],"about":[{"href":"https:\/\/plovdivbg.es\/bg\/wp-json\/wp\/v2\/types\/product"}],"replies":[{"embeddable":true,"href":"https:\/\/plovdivbg.es\/bg\/wp-json\/wp\/v2\/comments?post=741"}],"wp:featuredmedia":[{"embeddable":true,"href":"https:\/\/plovdivbg.es\/bg\/wp-json\/wp\/v2\/media\/2101"}],"wp:attachment":[{"href":"https:\/\/plovdivbg.es\/bg\/wp-json\/wp\/v2\/media?parent=741"}],"wp:term":[{"taxonomy":"product_brand","embeddable":true,"href":"https:\/\/plovdivbg.es\/bg\/wp-json\/wp\/v2\/product_brand?post=741"},{"taxonomy":"product_cat","embeddable":true,"href":"https:\/\/plovdivbg.es\/bg\/wp-json\/wp\/v2\/product_cat?post=741"},{"taxonomy":"product_tag","embeddable":true,"href":"https:\/\/plovdivbg.es\/bg\/wp-json\/wp\/v2\/product_tag?post=741"}],"curies":[{"name":"wp","href":"https:\/\/api.w.org\/{rel}","templated":true}]}}