{"id":362,"date":"2021-08-17T17:03:43","date_gmt":"2021-08-17T17:03:43","guid":{"rendered":"https:\/\/demo.athemes.com\/botiga\/?page_id=362"},"modified":"2024-09-28T13:12:38","modified_gmt":"2024-09-28T13:12:38","slug":"inicio-embutidos-de-bulgaria-espana-madrid","status":"publish","type":"page","link":"https:\/\/plovdivbg.es\/bg\/inicio-embutidos-de-bulgaria-espana-madrid\/","title":{"rendered":"\u043d\u0430\u0447\u0430\u043b\u043e"},"content":{"rendered":"<div data-elementor-type=\"wp-page\" data-elementor-id=\"362\" class=\"elementor elementor-362\">\n\t\t\t\t\t\t<section class=\"elementor-section elementor-top-section elementor-element elementor-element-3f833158 elementor-section-boxed elementor-section-height-default elementor-section-height-default\" data-id=\"3f833158\" data-element_type=\"section\" data-e-type=\"section\">\n\t\t\t\t\t\t<div class=\"elementor-container elementor-column-gap-default\">\n\t\t\t\t\t<div class=\"elementor-column elementor-col-100 elementor-top-column elementor-element elementor-element-3adfca7d\" data-id=\"3adfca7d\" data-element_type=\"column\" data-e-type=\"column\">\n\t\t\t<div class=\"elementor-widget-wrap elementor-element-populated\">\n\t\t\t\t\t\t<div class=\"elementor-element elementor-element-4a436bce elementor-widget elementor-widget-text-editor\" data-id=\"4a436bce\" data-element_type=\"widget\" data-e-type=\"widget\" data-widget_type=\"text-editor.default\">\n\t\t\t\t<div class=\"elementor-widget-container\">\n\t\t\t\t\t\t\t\t\t\n<div id=\"athemes-blocks-block-c571f1bc\" class=\"wp-block-athemes-athemes-blocks-block-container athemes-blocks-block athemes-blocks-block-c571f1bc athemes-blocks-block-container alignfull\">\n<div class=\"athemes-blocks-block-container-wrapper athemes-blocks-block-container-bg-cover athemes-blocks-block-container-bg-effect-scroll\">\n<div class=\"athemes-blocks-block-container-wrapper-content\">\n<div class=\"wp-block-columns is-layout-flex wp-container-core-columns-is-layout-9d6595d7 wp-block-columns-is-layout-flex\">\n<div class=\"wp-block-column is-layout-flow wp-block-column-is-layout-flow\" style=\"flex-basis: 100%;\">\n<h2 class=\"has-text-align-center has-palette-1-color-5-color has-text-color wp-block-heading\" style=\"font-size: 75px;\">Productos de Bulgaria<\/h2>\n\n<h2 class=\"has-text-align-center has-palette-1-color-5-color has-text-color wp-block-heading\" style=\"font-size: 75px;\">directos a tu mesa<\/h2>\n\n<div class=\"wp-block-buttons is-layout-flex wp-block-buttons-is-layout-flex\">\n<div class=\"wp-block-button aligncenter\"><a class=\"wp-block-button__link\" href=\"https:\/\/demo.athemes.com\/botiga\/shop\/\">COMPRA AHORA<\/a><\/div>\n<\/div>\n<\/div>\n<\/div>\n<\/div>\n<\/div>\n<\/div>\n\n<div class=\"wp-block-spacer\" style=\"height: 20px;\" aria-hidden=\"true\">\u00a0<\/div>\n\n<h3 class=\"has-text-align-center wp-block-heading\">Nuestra peque\u00f1a selecci\u00f3n<\/h3>\n\n<p class=\"has-text-align-center\">A powerful headline about your product&#8217;s features to give focus to your chosen product collection<\/p>\n<div data-block-name=\"woocommerce\/product-new\" data-content-visibility=\"{&quot;title&quot;:true,&quot;price&quot;:true,&quot;rating&quot;:false,&quot;button&quot;:true}\" data-rows=\"1\" class=\"wc-block-grid wp-block-product-new wp-block-woocommerce-product-new wc-block-product-new has-3-columns\"><ul class=\"wc-block-grid__products\"><li class=\"wc-block-grid__product\">\n\t\t\t\t<a href=\"https:\/\/plovdivbg.es\/bg\/product\/oferta-especial-cesta\/\" class=\"wc-block-grid__product-link\">\n\t\t\t\t\t\n\t\t\t\t\t<div class=\"wc-block-grid__product-image\"><img fetchpriority=\"high\" decoding=\"async\" width=\"800\" height=\"932\" src=\"https:\/\/plovdivbg.es\/wp-content\/uploads\/2023\/04\/oferta-800x932.jpg\" class=\"attachment-woocommerce_thumbnail size-woocommerce_thumbnail\" alt=\"Oferta especial cesta\" srcset=\"https:\/\/plovdivbg.es\/wp-content\/uploads\/2023\/04\/oferta-800x932.jpg 800w, https:\/\/plovdivbg.es\/wp-content\/uploads\/2023\/04\/oferta-257x300.jpg 257w, https:\/\/plovdivbg.es\/wp-content\/uploads\/2023\/04\/oferta-879x1024.jpg 879w, https:\/\/plovdivbg.es\/wp-content\/uploads\/2023\/04\/oferta-768x895.jpg 768w, https:\/\/plovdivbg.es\/wp-content\/uploads\/2023\/04\/oferta-10x12.jpg 10w, https:\/\/plovdivbg.es\/wp-content\/uploads\/2023\/04\/oferta-125x146.jpg 125w, https:\/\/plovdivbg.es\/wp-content\/uploads\/2023\/04\/oferta-43x50.jpg 43w, https:\/\/plovdivbg.es\/wp-content\/uploads\/2023\/04\/oferta-64x75.jpg 64w, https:\/\/plovdivbg.es\/wp-content\/uploads\/2023\/04\/oferta.jpg 896w\" sizes=\"(max-width: 800px) 100vw, 800px\" \/><\/div>\n\t\t\t\t\t<div class=\"wc-block-grid__product-title\">Oferta especial cesta<\/div>\n\t\t\t\t<\/a>\n\t\t\t\t<div class=\"wc-block-grid__product-price price\"><span class=\"woocommerce-Price-amount amount\">47,00<span class=\"woocommerce-Price-currencySymbol\">&euro;<\/span><\/span> <small class=\"woocommerce-price-suffix\">IVA incluido<\/small><\/div>\n\t\t\t\t\n\t\t\t\t<div class=\"wp-block-button wc-block-grid__product-add-to-cart\"><a href=\"https:\/\/plovdivbg.es\/bg\/product\/oferta-especial-cesta\/\" aria-label=\"\u041f\u0440\u043e\u0447\u0435\u0442\u0435\u0442\u0435 \u043f\u043e\u0432\u0435\u0447\u0435 \u0437\u0430 \u201cOferta especial cesta\u201d\" data-quantity=\"1\" data-product_id=\"2510\" data-product_sku=\"\" data-price=\"47\" rel=\"nofollow\" class=\"wp-block-button__link  add_to_cart_button\" data-no-translation=\"\" data-trp-gettext=\"\" data-no-translation-aria-label=\"\">\u041e\u0449\u0435<\/a><\/div>\n\t\t\t<\/li><li class=\"wc-block-grid__product\">\n\t\t\t\t<a href=\"https:\/\/plovdivbg.es\/bg\/product\/%d0%b3%d1%80%d0%be%d0%b7%d0%b4%d0%be%d0%b2%d0%b0-%d1%80%d0%b0%d0%ba%d0%b8%d1%8f-aguardiente\/\" class=\"wc-block-grid__product-link\">\n\t\t\t\t\t\n\t\t\t\t\t<div class=\"wc-block-grid__product-image\"><img decoding=\"async\" width=\"800\" height=\"1127\" src=\"https:\/\/plovdivbg.es\/wp-content\/uploads\/2022\/08\/IMG_9771-800x1127.jpg\" class=\"attachment-woocommerce_thumbnail size-woocommerce_thumbnail\" alt=\"\u0413\u0440\u043e\u0437\u0434\u043e\u0432\u0430 \u0440\u0430\u043a\u0438\u044f \/ Aguardiente\" srcset=\"https:\/\/plovdivbg.es\/wp-content\/uploads\/2022\/08\/IMG_9771-800x1127.jpg 800w, https:\/\/plovdivbg.es\/wp-content\/uploads\/2022\/08\/IMG_9771-213x300.jpg 213w, https:\/\/plovdivbg.es\/wp-content\/uploads\/2022\/08\/IMG_9771-727x1024.jpg 727w, https:\/\/plovdivbg.es\/wp-content\/uploads\/2022\/08\/IMG_9771-768x1082.jpg 768w, https:\/\/plovdivbg.es\/wp-content\/uploads\/2022\/08\/IMG_9771-1090x1536.jpg 1090w, https:\/\/plovdivbg.es\/wp-content\/uploads\/2022\/08\/IMG_9771-1454x2048.jpg 1454w, https:\/\/plovdivbg.es\/wp-content\/uploads\/2022\/08\/IMG_9771-9x12.jpg 9w, https:\/\/plovdivbg.es\/wp-content\/uploads\/2022\/08\/IMG_9771-104x146.jpg 104w, https:\/\/plovdivbg.es\/wp-content\/uploads\/2022\/08\/IMG_9771-35x50.jpg 35w, https:\/\/plovdivbg.es\/wp-content\/uploads\/2022\/08\/IMG_9771-53x75.jpg 53w, https:\/\/plovdivbg.es\/wp-content\/uploads\/2022\/08\/IMG_9771-scaled.jpg 1817w\" sizes=\"(max-width: 800px) 100vw, 800px\" \/><\/div>\n\t\t\t\t\t<div class=\"wc-block-grid__product-title\">\u0413\u0440\u043e\u0437\u0434\u043e\u0432\u0430 \u0440\u0430\u043a\u0438\u044f \/ Aguardiente<\/div>\n\t\t\t\t<\/a>\n\t\t\t\t<div class=\"wc-block-grid__product-price price\"><span class=\"woocommerce-Price-amount amount\">18,00<span class=\"woocommerce-Price-currencySymbol\">&euro;<\/span><\/span> <small class=\"woocommerce-price-suffix\">IVA incluido<\/small><\/div>\n\t\t\t\t\n\t\t\t\t<div class=\"wp-block-button wc-block-grid__product-add-to-cart\"><a href=\"\/bg\/wp-json\/wp\/v2\/pages\/362?add-to-cart=744\" aria-label=\"\u0414\u043e\u0431\u0430\u0432\u0438 \u0432 \u043a\u043e\u043b\u0438\u0447\u043a\u0430\u0442\u0430: \u201c\u0413\u0440\u043e\u0437\u0434\u043e\u0432\u0430 \u0440\u0430\u043a\u0438\u044f \/ Aguardiente\u201d\" data-quantity=\"1\" data-product_id=\"744\" data-product_sku=\"\" data-price=\"18\" rel=\"nofollow\" class=\"wp-block-button__link  add_to_cart_button ajax_add_to_cart\" data-no-translation=\"\" data-trp-gettext=\"\" data-no-translation-aria-label=\"\">\u041a\u0443\u043f\u0438<\/a><\/div>\n\t\t\t<\/li><li class=\"wc-block-grid__product\">\n\t\t\t\t<a href=\"https:\/\/plovdivbg.es\/bg\/product\/salchicho-devacuno-%d0%bb%d1%83%d0%ba%d0%b0%d0%bd%d0%ba%d0%b0-%d1%81-%d1%82%d0%b5%d0%bb%d0%b5%d1%88%d0%ba%d0%be-%d0%bc%d0%b5%d1%81%d0%be\/\" class=\"wc-block-grid__product-link\">\n\t\t\t\t\t\n\t\t\t\t\t<div class=\"wc-block-grid__product-image\"><img decoding=\"async\" width=\"800\" height=\"800\" src=\"https:\/\/plovdivbg.es\/wp-content\/uploads\/2022\/08\/Nikolai-Productos-Alta-cuadradas-021-1-800x800.jpg\" class=\"attachment-woocommerce_thumbnail size-woocommerce_thumbnail\" alt=\"SALCHICH\u00d3N DE VACUNO Y CERDO \/ \u041b\u0423\u041a\u0410\u041d\u041a\u0410 \u0441 \u0422\u0415\u041b\u0415\u0428\u041a\u041e \u041c\u0415\u0421\u041e\" srcset=\"https:\/\/plovdivbg.es\/wp-content\/uploads\/2022\/08\/Nikolai-Productos-Alta-cuadradas-021-1-800x800.jpg 800w, https:\/\/plovdivbg.es\/wp-content\/uploads\/2022\/08\/Nikolai-Productos-Alta-cuadradas-021-1-300x300.jpg 300w, https:\/\/plovdivbg.es\/wp-content\/uploads\/2022\/08\/Nikolai-Productos-Alta-cuadradas-021-1-1024x1024.jpg 1024w, https:\/\/plovdivbg.es\/wp-content\/uploads\/2022\/08\/Nikolai-Productos-Alta-cuadradas-021-1-150x150.jpg 150w, https:\/\/plovdivbg.es\/wp-content\/uploads\/2022\/08\/Nikolai-Productos-Alta-cuadradas-021-1-768x768.jpg 768w, https:\/\/plovdivbg.es\/wp-content\/uploads\/2022\/08\/Nikolai-Productos-Alta-cuadradas-021-1-1536x1536.jpg 1536w, https:\/\/plovdivbg.es\/wp-content\/uploads\/2022\/08\/Nikolai-Productos-Alta-cuadradas-021-1-2048x2048.jpg 2048w, https:\/\/plovdivbg.es\/wp-content\/uploads\/2022\/08\/Nikolai-Productos-Alta-cuadradas-021-1-12x12.jpg 12w, https:\/\/plovdivbg.es\/wp-content\/uploads\/2022\/08\/Nikolai-Productos-Alta-cuadradas-021-1-146x146.jpg 146w, https:\/\/plovdivbg.es\/wp-content\/uploads\/2022\/08\/Nikolai-Productos-Alta-cuadradas-021-1-50x50.jpg 50w, https:\/\/plovdivbg.es\/wp-content\/uploads\/2022\/08\/Nikolai-Productos-Alta-cuadradas-021-1-75x75.jpg 75w, https:\/\/plovdivbg.es\/wp-content\/uploads\/2022\/08\/Nikolai-Productos-Alta-cuadradas-021-1-85x85.jpg 85w, https:\/\/plovdivbg.es\/wp-content\/uploads\/2022\/08\/Nikolai-Productos-Alta-cuadradas-021-1-80x80.jpg 80w\" sizes=\"(max-width: 800px) 100vw, 800px\" \/><\/div>\n\t\t\t\t\t<div class=\"wc-block-grid__product-title\">SALCHICH\u00d3N DE VACUNO Y CERDO \/ \u041b\u0423\u041a\u0410\u041d\u041a\u0410 \u0441 \u0422\u0415\u041b\u0415\u0428\u041a\u041e \u041c\u0415\u0421\u041e<\/div>\n\t\t\t\t<\/a>\n\t\t\t\t<div class=\"wc-block-grid__product-price price\"><span class=\"woocommerce-Price-amount amount\">23,00<span class=\"woocommerce-Price-currencySymbol\">&euro;<\/span><\/span> <small class=\"woocommerce-price-suffix\">IVA incluido<\/small><\/div>\n\t\t\t\t\n\t\t\t\t<div class=\"wp-block-button wc-block-grid__product-add-to-cart\"><a href=\"https:\/\/plovdivbg.es\/bg\/product\/salchicho-devacuno-%d0%bb%d1%83%d0%ba%d0%b0%d0%bd%d0%ba%d0%b0-%d1%81-%d1%82%d0%b5%d0%bb%d0%b5%d1%88%d0%ba%d0%be-%d0%bc%d0%b5%d1%81%d0%be\/\" aria-label=\"\u0418\u0437\u0431\u0435\u0440\u0435\u0442\u0435 \u043d\u0430\u0441\u0442\u0440\u043e\u0439\u043a\u0438 \u0437\u0430 \u201cSALCHICH\u00d3N DE VACUNO Y CERDO \/ \u041b\u0423\u041a\u0410\u041d\u041a\u0410 \u0441 \u0422\u0415\u041b\u0415\u0428\u041a\u041e \u041c\u0415\u0421\u041e\u201d\" data-quantity=\"1\" data-product_id=\"743\" data-product_sku=\"\" data-price=\"23\" rel=\"nofollow\" class=\"wp-block-button__link  add_to_cart_button\" data-no-translation=\"\" data-trp-gettext=\"\" data-no-translation-aria-label=\"\">\u041e\u043f\u0446\u0438\u0438<\/a><\/div>\n\t\t\t<\/li><\/ul><\/div>\n<div class=\"wp-block-spacer\" style=\"height: 100px;\" aria-hidden=\"true\">\u00a0<\/div>\n\n<div id=\"athemes-blocks-block-43c3381d\" class=\"wp-block-athemes-athemes-blocks-block-container athemes-blocks-block athemes-blocks-block-43c3381d athemes-blocks-block-container alignfull\">\n<div class=\"athemes-blocks-block-container-wrapper athemes-blocks-block-container-bg-cover athemes-blocks-block-container-bg-effect-scroll\"><img loading=\"lazy\" class=\"athemes-blocks-background-image\" sizes=\"(max-width: 1440px) 100vw, 1440px\" srcset=\"https:\/\/demo.athemes.com\/botiga\/wp-content\/uploads\/sites\/125\/2021\/07\/hbg-1-150x150.jpg 150w, https:\/\/demo.athemes.com\/botiga\/wp-content\/uploads\/sites\/125\/2021\/07\/hbg-1-300x121.jpg 300w, https:\/\/demo.athemes.com\/botiga\/wp-content\/uploads\/sites\/125\/2021\/07\/hbg-1-1024x412.jpg 1024w, https:\/\/demo.athemes.com\/botiga\/wp-content\/uploads\/sites\/125\/2021\/07\/hbg-1.jpg 1440w, \" alt=\"\" width=\"1440\" height=\"580\" \/>\n<div class=\"athemes-blocks-block-container-wrapper-content\">\n<h3 class=\"has-text-align-center wp-block-heading\">\u00bfQuieres conocernos?<\/h3>\n\n<p class=\"has-text-align-center\">Descubre ahora quienes somos y el proceso que llevamos a cabo para desarrollar y elaborar nuestros productos<\/p>\n\n<div class=\"wp-block-buttons is-horizontal is-content-justification-center is-layout-flex wp-container-core-buttons-is-layout-499968f5 wp-block-buttons-is-layout-flex\">\n<div class=\"wp-block-button\"><a class=\"wp-block-button__link\">DESCUBRE AHORA<\/a><\/div>\n<\/div>\n<\/div>\n<\/div>\n<\/div>\n\n<div class=\"wp-block-spacer\" style=\"height: 20px;\" aria-hidden=\"true\">\u00a0<\/div>\n\n<h3 class=\"has-text-align-center wp-block-heading\">Featured Categories<\/h3>\n\n<p class=\"has-text-align-center\">Give your customers insight into your product collection. Select imagery and name that relates to the product category.<\/p>\n\n<div class=\"wp-block-columns is-layout-flex wp-container-core-columns-is-layout-9d6595d7 wp-block-columns-is-layout-flex\">\n<div class=\"wp-block-column is-layout-flow wp-block-column-is-layout-flow\"><div class=\"wp-block-image\">\n<figure class=\"aligncenter size-large\"><a href=\"https:\/\/demo.athemes.com\/botiga\/product-category\/cosmetics\/\"><img decoding=\"async\" class=\"wp-image-325\" src=\"http:\/\/plovdivbg.es\/wp-content\/uploads\/2021\/07\/Rectangle-581-1.jpg\" alt=\"\" \/><\/a><\/figure>\n<\/div>\n<p class=\"has-text-align-center\"><a style=\"text-decoration: none;\" href=\"https:\/\/demo.athemes.com\/botiga\/product-category\/cosmetics\/\" data-type=\"URL\" data-id=\"https:\/\/demo.athemes.com\/botiga\/product-category\/cosmetics\/\">Makeup<\/a><\/p>\n<\/div>\n\n<div class=\"wp-block-column is-layout-flow wp-block-column-is-layout-flow\"><div class=\"wp-block-image\">\n<figure class=\"aligncenter size-large\"><a href=\"https:\/\/demo.athemes.com\/botiga\/product-category\/cosmetics\/\"><img decoding=\"async\" class=\"wp-image-323\" src=\"http:\/\/plovdivbg.es\/wp-content\/uploads\/2021\/07\/Rectangle-582-1.jpg\" alt=\"\" \/><\/a><\/figure>\n<\/div>\n<p class=\"has-text-align-center\"><a style=\"text-decoration: none;\" href=\"https:\/\/demo.athemes.com\/botiga\/product-category\/cosmetics\/\" data-type=\"URL\" data-id=\"https:\/\/demo.athemes.com\/botiga\/product-category\/cosmetics\/\">Lipstick<\/a><\/p>\n<\/div>\n\n<div class=\"wp-block-column is-layout-flow wp-block-column-is-layout-flow\"><div class=\"wp-block-image\">\n<figure class=\"aligncenter size-large\"><a href=\"https:\/\/demo.athemes.com\/botiga\/product-category\/cosmetics\/\"><img decoding=\"async\" class=\"wp-image-326\" src=\"http:\/\/plovdivbg.es\/wp-content\/uploads\/2021\/07\/Rectangle-583-1.jpg\" alt=\"\" \/><\/a><\/figure>\n<\/div>\n<p class=\"has-text-align-center\"><a style=\"text-decoration: none;\" href=\"https:\/\/demo.athemes.com\/botiga\/product-category\/cosmetics\/\">Bath Products<\/a><\/p>\n<\/div>\n\n<div class=\"wp-block-column is-layout-flow wp-block-column-is-layout-flow\"><div class=\"wp-block-image\">\n<figure class=\"aligncenter size-large\"><a href=\"https:\/\/demo.athemes.com\/botiga\/product-category\/cosmetics\/\"><img decoding=\"async\" class=\"wp-image-327\" src=\"http:\/\/plovdivbg.es\/wp-content\/uploads\/2021\/07\/Rectangle-584-1.jpg\" alt=\"\" \/><\/a><\/figure>\n<\/div>\n<p class=\"has-text-align-center\"><a style=\"text-decoration: none;\" href=\"https:\/\/demo.athemes.com\/botiga\/product-category\/cosmetics\/\">Treatments<\/a><\/p>\n<\/div>\n<\/div>\n\n<div class=\"wp-block-spacer\" style=\"height: 90px;\" aria-hidden=\"true\">\u00a0<\/div>\n\n<h3 class=\"has-text-align-left wp-block-heading\">Cont\u00e1ctanos<\/h3>\n\n<p class=\"has-text-align-left\">\u00bfNecesitas m\u00e1s informaci\u00f3n? Cont\u00e1ctanos mediante el formulario de contacto.<\/p>\n\t\t\t\t\t\t\t\t<\/div>\n\t\t\t\t<\/div>\n\t\t\t\t\t<\/div>\n\t\t<\/div>\n\t\t\t\t\t<\/div>\n\t\t<\/section>\n\t\t\t\t<\/div>","protected":false},"excerpt":{"rendered":"<p>Nuestra peque\u00f1a selecci\u00f3n A powerful headline about your product&#8217;s features to give focus to your chosen product collection Featured Categories Give your customers insight into your<span class=\"excerpt-hellip\"> [?]<\/span><\/p>\n","protected":false},"author":1,"featured_media":0,"parent":0,"menu_order":0,"comment_status":"closed","ping_status":"closed","template":"","meta":{"_joinchat":[],"footnotes":""},"class_list":["post-362","page","type-page","status-publish","hentry"],"yoast_head":"<!-- This site is optimized with the Yoast SEO plugin v25.7 - https:\/\/yoast.com\/wordpress\/plugins\/seo\/ -->\n<title>embutidos bulgaros - PlovdivBG<\/title>\n<meta name=\"description\" content=\"PloBdivBG crea una excelente tradici\u00f3n gastron\u00f3mica: recetas t\u00edpicas de Bulgaria. El objetivo es ofrecer productos de calidad.\" \/>\n<meta name=\"robots\" content=\"index, follow, max-snippet:-1, max-image-preview:large, max-video-preview:-1\" \/>\n<link rel=\"canonical\" href=\"https:\/\/plovdivbg.es\/bg\/inicio-embutidos-de-bulgaria-espana-madrid\/\" \/>\n<meta property=\"og:locale\" content=\"bg_BG\" \/>\n<meta property=\"og:type\" content=\"article\" \/>\n<meta property=\"og:title\" content=\"embutidos bulgaros - PlovdivBG\" \/>\n<meta property=\"og:description\" content=\"PloBdivBG crea una excelente tradici\u00f3n gastron\u00f3mica: recetas t\u00edpicas de Bulgaria. El objetivo es ofrecer productos de calidad.\" \/>\n<meta property=\"og:url\" content=\"https:\/\/plovdivbg.es\/bg\/inicio-embutidos-de-bulgaria-espana-madrid\/\" \/>\n<meta property=\"og:site_name\" content=\"PlovdivBG\" \/>\n<meta property=\"article:publisher\" content=\"https:\/\/www.facebook.com\/profile.php?id=100085857676673\" \/>\n<meta property=\"article:modified_time\" content=\"2024-09-28T13:12:38+00:00\" \/>\n<meta property=\"og:image\" content=\"http:\/\/plovdivbg.es\/wp-content\/uploads\/2021\/07\/Rectangle-581-1.jpg\" \/>\n<meta name=\"twitter:card\" content=\"summary_large_image\" \/>\n<meta name=\"twitter:label1\" content=\"Est. reading time\" \/>\n\t<meta name=\"twitter:data1\" content=\"2 \u043c\u0438\u043d\u0443\u0442\u0438\" \/>\n<script type=\"application\/ld+json\" class=\"yoast-schema-graph\">{\"@context\":\"https:\/\/schema.org\",\"@graph\":[{\"@type\":\"WebPage\",\"@id\":\"https:\/\/plovdivbg.es\/inicio-embutidos-de-bulgaria-espana-madrid\/\",\"url\":\"https:\/\/plovdivbg.es\/inicio-embutidos-de-bulgaria-espana-madrid\/\",\"name\":\"embutidos bulgaros - PlovdivBG\",\"isPartOf\":{\"@id\":\"https:\/\/plovdivbg.es\/#website\"},\"primaryImageOfPage\":{\"@id\":\"https:\/\/plovdivbg.es\/inicio-embutidos-de-bulgaria-espana-madrid\/#primaryimage\"},\"image\":{\"@id\":\"https:\/\/plovdivbg.es\/inicio-embutidos-de-bulgaria-espana-madrid\/#primaryimage\"},\"thumbnailUrl\":\"http:\/\/plovdivbg.es\/wp-content\/uploads\/2021\/07\/Rectangle-581-1.jpg\",\"datePublished\":\"2021-08-17T17:03:43+00:00\",\"dateModified\":\"2024-09-28T13:12:38+00:00\",\"description\":\"PloBdivBG crea una excelente tradici\u00f3n gastron\u00f3mica: recetas t\u00edpicas de Bulgaria. El objetivo es ofrecer productos de calidad.\",\"breadcrumb\":{\"@id\":\"https:\/\/plovdivbg.es\/inicio-embutidos-de-bulgaria-espana-madrid\/#breadcrumb\"},\"inLanguage\":\"bg-BG\",\"potentialAction\":[{\"@type\":\"ReadAction\",\"target\":[\"https:\/\/plovdivbg.es\/inicio-embutidos-de-bulgaria-espana-madrid\/\"]}]},{\"@type\":\"ImageObject\",\"inLanguage\":\"bg-BG\",\"@id\":\"https:\/\/plovdivbg.es\/inicio-embutidos-de-bulgaria-espana-madrid\/#primaryimage\",\"url\":\"http:\/\/plovdivbg.es\/wp-content\/uploads\/2021\/07\/Rectangle-581-1.jpg\",\"contentUrl\":\"http:\/\/plovdivbg.es\/wp-content\/uploads\/2021\/07\/Rectangle-581-1.jpg\"},{\"@type\":\"BreadcrumbList\",\"@id\":\"https:\/\/plovdivbg.es\/inicio-embutidos-de-bulgaria-espana-madrid\/#breadcrumb\",\"itemListElement\":[{\"@type\":\"ListItem\",\"position\":1,\"name\":\"Home\",\"item\":\"https:\/\/plovdivbg.es\/\"},{\"@type\":\"ListItem\",\"position\":2,\"name\":\"Inicio\"}]},{\"@type\":\"WebSite\",\"@id\":\"https:\/\/plovdivbg.es\/#website\",\"url\":\"https:\/\/plovdivbg.es\/\",\"name\":\"PlovdivBG\",\"description\":\"\",\"publisher\":{\"@id\":\"https:\/\/plovdivbg.es\/#organization\"},\"potentialAction\":[{\"@type\":\"SearchAction\",\"target\":{\"@type\":\"EntryPoint\",\"urlTemplate\":\"https:\/\/plovdivbg.es\/?s={search_term_string}\"},\"query-input\":{\"@type\":\"PropertyValueSpecification\",\"valueRequired\":true,\"valueName\":\"search_term_string\"}}],\"inLanguage\":\"bg-BG\"},{\"@type\":\"Organization\",\"@id\":\"https:\/\/plovdivbg.es\/#organization\",\"name\":\"PlovdivBG\",\"url\":\"https:\/\/plovdivbg.es\/\",\"logo\":{\"@type\":\"ImageObject\",\"inLanguage\":\"bg-BG\",\"@id\":\"https:\/\/plovdivbg.es\/#\/schema\/logo\/image\/\",\"url\":\"https:\/\/plovdivbg.es\/wp-content\/uploads\/2022\/10\/logoParaEmail.jpg\",\"contentUrl\":\"https:\/\/plovdivbg.es\/wp-content\/uploads\/2022\/10\/logoParaEmail.jpg\",\"width\":595,\"height\":332,\"caption\":\"PlovdivBG\"},\"image\":{\"@id\":\"https:\/\/plovdivbg.es\/#\/schema\/logo\/image\/\"},\"sameAs\":[\"https:\/\/www.facebook.com\/profile.php?id=100085857676673\"]}]}<\/script>\n<!-- \/ Yoast SEO plugin. -->","yoast_head_json":{"title":"embutidos bulgaros - PlovdivBG","description":"PloBdivBG crea una excelente tradici\u00f3n gastron\u00f3mica: recetas t\u00edpicas de Bulgaria. El objetivo es ofrecer productos de calidad.","robots":{"index":"index","follow":"follow","max-snippet":"max-snippet:-1","max-image-preview":"max-image-preview:large","max-video-preview":"max-video-preview:-1"},"canonical":"https:\/\/plovdivbg.es\/bg\/inicio-embutidos-de-bulgaria-espana-madrid\/","og_locale":"bg_BG","og_type":"article","og_title":"embutidos bulgaros - PlovdivBG","og_description":"PloBdivBG crea una excelente tradici\u00f3n gastron\u00f3mica: recetas t\u00edpicas de Bulgaria. El objetivo es ofrecer productos de calidad.","og_url":"https:\/\/plovdivbg.es\/bg\/inicio-embutidos-de-bulgaria-espana-madrid\/","og_site_name":"PlovdivBG","article_publisher":"https:\/\/www.facebook.com\/profile.php?id=100085857676673","article_modified_time":"2024-09-28T13:12:38+00:00","og_image":[{"url":"http:\/\/plovdivbg.es\/wp-content\/uploads\/2021\/07\/Rectangle-581-1.jpg","type":"","width":"","height":""}],"twitter_card":"summary_large_image","twitter_misc":{"Est. reading time":"2 \u043c\u0438\u043d\u0443\u0442\u0438"},"schema":{"@context":"https:\/\/schema.org","@graph":[{"@type":"WebPage","@id":"https:\/\/plovdivbg.es\/inicio-embutidos-de-bulgaria-espana-madrid\/","url":"https:\/\/plovdivbg.es\/inicio-embutidos-de-bulgaria-espana-madrid\/","name":"embutidos bulgaros - PlovdivBG","isPartOf":{"@id":"https:\/\/plovdivbg.es\/#website"},"primaryImageOfPage":{"@id":"https:\/\/plovdivbg.es\/inicio-embutidos-de-bulgaria-espana-madrid\/#primaryimage"},"image":{"@id":"https:\/\/plovdivbg.es\/inicio-embutidos-de-bulgaria-espana-madrid\/#primaryimage"},"thumbnailUrl":"http:\/\/plovdivbg.es\/wp-content\/uploads\/2021\/07\/Rectangle-581-1.jpg","datePublished":"2021-08-17T17:03:43+00:00","dateModified":"2024-09-28T13:12:38+00:00","description":"PloBdivBG crea una excelente tradici\u00f3n gastron\u00f3mica: recetas t\u00edpicas de Bulgaria. El objetivo es ofrecer productos de calidad.","breadcrumb":{"@id":"https:\/\/plovdivbg.es\/inicio-embutidos-de-bulgaria-espana-madrid\/#breadcrumb"},"inLanguage":"bg-BG","potentialAction":[{"@type":"ReadAction","target":["https:\/\/plovdivbg.es\/inicio-embutidos-de-bulgaria-espana-madrid\/"]}]},{"@type":"ImageObject","inLanguage":"bg-BG","@id":"https:\/\/plovdivbg.es\/inicio-embutidos-de-bulgaria-espana-madrid\/#primaryimage","url":"http:\/\/plovdivbg.es\/wp-content\/uploads\/2021\/07\/Rectangle-581-1.jpg","contentUrl":"http:\/\/plovdivbg.es\/wp-content\/uploads\/2021\/07\/Rectangle-581-1.jpg"},{"@type":"BreadcrumbList","@id":"https:\/\/plovdivbg.es\/inicio-embutidos-de-bulgaria-espana-madrid\/#breadcrumb","itemListElement":[{"@type":"ListItem","position":1,"name":"Home","item":"https:\/\/plovdivbg.es\/"},{"@type":"ListItem","position":2,"name":"Inicio"}]},{"@type":"WebSite","@id":"https:\/\/plovdivbg.es\/#website","url":"https:\/\/plovdivbg.es\/","name":"PlovdivBG","description":"","publisher":{"@id":"https:\/\/plovdivbg.es\/#organization"},"potentialAction":[{"@type":"SearchAction","target":{"@type":"EntryPoint","urlTemplate":"https:\/\/plovdivbg.es\/?s={search_term_string}"},"query-input":{"@type":"PropertyValueSpecification","valueRequired":true,"valueName":"search_term_string"}}],"inLanguage":"bg-BG"},{"@type":"Organization","@id":"https:\/\/plovdivbg.es\/#organization","name":"PlovdivBG","url":"https:\/\/plovdivbg.es\/","logo":{"@type":"ImageObject","inLanguage":"bg-BG","@id":"https:\/\/plovdivbg.es\/#\/schema\/logo\/image\/","url":"https:\/\/plovdivbg.es\/wp-content\/uploads\/2022\/10\/logoParaEmail.jpg","contentUrl":"https:\/\/plovdivbg.es\/wp-content\/uploads\/2022\/10\/logoParaEmail.jpg","width":595,"height":332,"caption":"PlovdivBG"},"image":{"@id":"https:\/\/plovdivbg.es\/#\/schema\/logo\/image\/"},"sameAs":["https:\/\/www.facebook.com\/profile.php?id=100085857676673"]}]}},"_links":{"self":[{"href":"https:\/\/plovdivbg.es\/bg\/wp-json\/wp\/v2\/pages\/362","targetHints":{"allow":["GET"]}}],"collection":[{"href":"https:\/\/plovdivbg.es\/bg\/wp-json\/wp\/v2\/pages"}],"about":[{"href":"https:\/\/plovdivbg.es\/bg\/wp-json\/wp\/v2\/types\/page"}],"author":[{"embeddable":true,"href":"https:\/\/plovdivbg.es\/bg\/wp-json\/wp\/v2\/users\/1"}],"replies":[{"embeddable":true,"href":"https:\/\/plovdivbg.es\/bg\/wp-json\/wp\/v2\/comments?post=362"}],"version-history":[{"count":15,"href":"https:\/\/plovdivbg.es\/bg\/wp-json\/wp\/v2\/pages\/362\/revisions"}],"predecessor-version":[{"id":3014,"href":"https:\/\/plovdivbg.es\/bg\/wp-json\/wp\/v2\/pages\/362\/revisions\/3014"}],"wp:attachment":[{"href":"https:\/\/plovdivbg.es\/bg\/wp-json\/wp\/v2\/media?parent=362"}],"curies":[{"name":"wp","href":"https:\/\/api.w.org\/{rel}","templated":true}]}}